{"id":14,"date":"2025-06-28T02:45:22","date_gmt":"2025-06-28T00:45:22","guid":{"rendered":"http:\/\/netflux.pl\/?page_id=14"},"modified":"2025-06-28T10:59:11","modified_gmt":"2025-06-28T08:59:11","slug":"frst","status":"publish","type":"page","link":"https:\/\/netflux.pl\/","title":{"rendered":"FRST"},"content":{"rendered":"<p>[et_pb_section fb_built=&#8221;1&#8243; _builder_version=&#8221;4.27.3&#8243; _module_preset=&#8221;default&#8221; background_color=&#8221;#0e1724&#8243; global_colors_info=&#8221;{}&#8221;][et_pb_row column_structure=&#8221;3_5,2_5&#8243; _builder_version=&#8221;4.27.3&#8243; _module_preset=&#8221;default&#8221; global_colors_info=&#8221;{}&#8221;][et_pb_column type=&#8221;3_5&#8243; _builder_version=&#8221;4.27.3&#8243; _module_preset=&#8221;default&#8221; global_colors_info=&#8221;{}&#8221;][et_pb_text _builder_version=&#8221;4.27.3&#8243; _module_preset=&#8221;default&#8221; header_font=&#8221;Space Grotesk||||||||&#8221; header_text_color=&#8221;#FFFFFF&#8221; header_font_size=&#8221;69px&#8221; global_colors_info=&#8221;{}&#8221;]<\/p>\n<h1>Automatyzacja, AI i integracje dla firm<\/h1>\n<p>[\/et_pb_text][et_pb_text _builder_version=&#8221;4.27.3&#8243; _module_preset=&#8221;default&#8221; header_font_size=&#8221;45px&#8221; header_2_text_color=&#8221;#FFFFFF&#8221; header_3_text_color=&#8221;#FFFFFF&#8221; header_3_font_size=&#8221;28px&#8221; global_colors_info=&#8221;{}&#8221;]<\/p>\n<h3>Twoja firma pracuje lepiej, szybciej, m\u0105drzej.<\/h3>\n<p>[\/et_pb_text][et_pb_text _builder_version=&#8221;4.27.3&#8243; _module_preset=&#8221;default&#8221; header_font_size=&#8221;45px&#8221; header_2_text_color=&#8221;#FFFFFF&#8221; header_3_text_color=&#8221;#FFFFFF&#8221; header_3_font_size=&#8221;28px&#8221; header_5_font=&#8221;Space Grotesk||||||||&#8221; header_5_text_color=&#8221;#FFFFFF&#8221; header_5_font_size=&#8221;20px&#8221; header_5_line_height=&#8221;1.6em&#8221; global_colors_info=&#8221;{}&#8221;]<\/p>\n<h5>NetFlux to agencja AI i automatyzacji. \u00a0Pomagamy firmom wdra\u017ca\u0107 narz\u0119dzia AI, usprawniaj\u0105c procesy i oszcz\u0119dzaj\u0105c czas.<\/h5>\n<p>[\/et_pb_text][\/et_pb_column][et_pb_column type=&#8221;2_5&#8243; _builder_version=&#8221;4.27.3&#8243; _module_preset=&#8221;default&#8221; global_colors_info=&#8221;{}&#8221;][et_pb_image src=&#8221;http:\/\/netflux.pl\/wp-content\/uploads\/2025\/06\/sygnet.png&#8221; title_text=&#8221;sygnet&#8221; align=&#8221;center&#8221; _builder_version=&#8221;4.27.3&#8243; _module_preset=&#8221;default&#8221; height=&#8221;284px&#8221; max_height=&#8221;252px&#8221; hover_enabled=&#8221;0&#8243; global_colors_info=&#8221;{}&#8221; sticky_enabled=&#8221;0&#8243; background_enable_image=&#8221;off&#8221;][\/et_pb_image][\/et_pb_column][\/et_pb_row][et_pb_row column_structure=&#8221;1_3,1_3,1_3&#8243; _builder_version=&#8221;4.27.3&#8243; _module_preset=&#8221;default&#8221; global_colors_info=&#8221;{}&#8221;][et_pb_column type=&#8221;1_3&#8243; _builder_version=&#8221;4.27.3&#8243; _module_preset=&#8221;default&#8221; global_colors_info=&#8221;{}&#8221;][et_pb_button button_text=&#8221;Um\u00f3w bezp\u0142atn\u0105 konsultacj\u0119&#8221; button_alignment=&#8221;center&#8221; _builder_version=&#8221;4.27.3&#8243; _module_preset=&#8221;default&#8221; custom_button=&#8221;on&#8221; button_text_color=&#8221;#000000&#8243; button_bg_color=&#8221;#1fe0ba&#8221; button_border_width=&#8221;6px&#8221; button_border_color=&#8221;#1fe0ba&#8221; button_border_radius=&#8221;29px&#8221; button_font=&#8221;Space Grotesk|700|||||||&#8221; global_colors_info=&#8221;{}&#8221;][\/et_pb_button][\/et_pb_column][et_pb_column type=&#8221;1_3&#8243; _builder_version=&#8221;4.27.3&#8243; _module_preset=&#8221;default&#8221; global_colors_info=&#8221;{}&#8221;][et_pb_button button_text=&#8221;Sprawd\u017a ofert\u0119&#8221; button_alignment=&#8221;center&#8221; _builder_version=&#8221;4.27.3&#8243; _module_preset=&#8221;default&#8221; custom_button=&#8221;on&#8221; button_text_color=&#8221;#FFFFFF&#8221; button_border_width=&#8221;0px&#8221; button_border_color=&#8221;#14b6cc&#8221; button_border_radius=&#8221;29px&#8221; button_font=&#8221;Space Grotesk|700|||||||&#8221; global_colors_info=&#8221;{}&#8221;][\/et_pb_button][\/et_pb_column][et_pb_column type=&#8221;1_3&#8243; _builder_version=&#8221;4.27.3&#8243; _module_preset=&#8221;default&#8221; global_colors_info=&#8221;{}&#8221;][\/et_pb_column][\/et_pb_row][\/et_pb_section][et_pb_section fb_built=&#8221;1&#8243; _builder_version=&#8221;4.27.3&#8243; _module_preset=&#8221;default&#8221; background_color=&#8221;#0e1724&#8243; global_colors_info=&#8221;{}&#8221;][et_pb_row _builder_version=&#8221;4.27.3&#8243; _module_preset=&#8221;default&#8221; global_colors_info=&#8221;{}&#8221;][et_pb_column type=&#8221;4_4&#8243; _builder_version=&#8221;4.27.3&#8243; _module_preset=&#8221;default&#8221; global_colors_info=&#8221;{}&#8221;][et_pb_text _builder_version=&#8221;4.27.3&#8243; _module_preset=&#8221;default&#8221; header_3_font=&#8221;Space Grotesk||||||||&#8221; header_3_text_color=&#8221;#FFFFFF&#8221; header_3_font_size=&#8221;51px&#8221; custom_margin=&#8221;-19px|||||&#8221; global_colors_info=&#8221;{}&#8221;]<\/p>\n<h3><strong>Co robimy?<\/strong><\/h3>\n<p>[\/et_pb_text][\/et_pb_column][\/et_pb_row][et_pb_row column_structure=&#8221;1_3,1_3,1_3&#8243; _builder_version=&#8221;4.27.3&#8243; _module_preset=&#8221;default&#8221; global_colors_info=&#8221;{}&#8221;][et_pb_column type=&#8221;1_3&#8243; _builder_version=&#8221;4.27.3&#8243; _module_preset=&#8221;default&#8221; global_colors_info=&#8221;{}&#8221;][et_pb_blurb title=&#8221;AI w firmie&#8221; use_icon=&#8221;on&#8221; font_icon=&#8221;&#xe007;||divi||400&#8243; icon_color=&#8221;#1fe0ba&#8221; image_icon_background_color=&#8221;RGBA(255,255,255,0)&#8221; _builder_version=&#8221;4.27.3&#8243; _module_preset=&#8221;default&#8221; header_font=&#8221;Space Grotesk||||||||&#8221; header_text_align=&#8221;left&#8221; header_text_color=&#8221;#FFFFFF&#8221; header_font_size=&#8221;37px&#8221; body_font=&#8221;Space Grotesk||||||||&#8221; body_text_color=&#8221;#FFFFFF&#8221; global_colors_info=&#8221;{}&#8221;]<\/p>\n<p>\u00a0Warsztaty, automatyzacje, wykorzystanie ChatGPT i Copilot. Integracje AI z codziennymi zadaniami.<\/p>\n<p>[\/et_pb_blurb][\/et_pb_column][et_pb_column type=&#8221;1_3&#8243; _builder_version=&#8221;4.27.3&#8243; _module_preset=&#8221;default&#8221; global_colors_info=&#8221;{}&#8221;][et_pb_blurb title=&#8221;Automatyzacja proces\u00f3w&#8221; use_icon=&#8221;on&#8221; font_icon=&#8221;&#xf544;||fa||900&#8243; icon_color=&#8221;#1fe0ba&#8221; image_icon_background_color=&#8221;RGBA(255,255,255,0)&#8221; _builder_version=&#8221;4.27.3&#8243; _module_preset=&#8221;default&#8221; header_font=&#8221;Space Grotesk||||||||&#8221; header_text_align=&#8221;left&#8221; header_text_color=&#8221;#FFFFFF&#8221; header_font_size=&#8221;37px&#8221; body_font=&#8221;Space Grotesk||||||||&#8221; body_text_color=&#8221;#FFFFFF&#8221; global_colors_info=&#8221;{}&#8221;]<\/p>\n<p>\u0141\u0105czymy Twoje systemy tak aby same potrafi\u0142y robi\u0107 r\u00f3\u017cne rzeczy.<\/p>\n<p>[\/et_pb_blurb][\/et_pb_column][et_pb_column type=&#8221;1_3&#8243; _builder_version=&#8221;4.27.3&#8243; _module_preset=&#8221;default&#8221; global_colors_info=&#8221;{}&#8221;][et_pb_blurb title=&#8221;Data &#038; Tech Support&#8221; use_icon=&#8221;on&#8221; font_icon=&#8221;&#xe0ec;||divi||400&#8243; icon_color=&#8221;#1fe0ba&#8221; image_icon_background_color=&#8221;RGBA(255,255,255,0)&#8221; _builder_version=&#8221;4.27.3&#8243; _module_preset=&#8221;default&#8221; header_font=&#8221;Space Grotesk||||||||&#8221; header_text_align=&#8221;left&#8221; header_text_color=&#8221;#FFFFFF&#8221; header_font_size=&#8221;37px&#8221; body_font=&#8221;Space Grotesk||||||||&#8221; body_text_color=&#8221;#FFFFFF&#8221; global_colors_info=&#8221;{}&#8221;]<\/p>\n<p>Konsolidacja danych, raporty, analizy. Pomagamy ogarnia\u0107 chaos w danych.<\/p>\n<p>[\/et_pb_blurb][\/et_pb_column][\/et_pb_row][\/et_pb_section][et_pb_section fb_built=&#8221;1&#8243; _builder_version=&#8221;4.27.3&#8243; _module_preset=&#8221;default&#8221; background_color=&#8221;#0e1724&#8243; global_colors_info=&#8221;{}&#8221;][et_pb_row _builder_version=&#8221;4.27.3&#8243; _module_preset=&#8221;default&#8221; global_colors_info=&#8221;{}&#8221;][et_pb_column type=&#8221;4_4&#8243; _builder_version=&#8221;4.27.3&#8243; _module_preset=&#8221;default&#8221; global_colors_info=&#8221;{}&#8221;][et_pb_text _builder_version=&#8221;4.27.3&#8243; _module_preset=&#8221;default&#8221; header_3_font=&#8221;Space Grotesk||||||||&#8221; header_3_text_color=&#8221;#FFFFFF&#8221; header_3_font_size=&#8221;51px&#8221; custom_margin=&#8221;-19px|||||&#8221; global_colors_info=&#8221;{}&#8221;]<\/p>\n<h3><strong>Pakiety us\u0142ug<\/strong><\/h3>\n<p>[\/et_pb_text][\/et_pb_column][\/et_pb_row][et_pb_row column_structure=&#8221;1_3,1_3,1_3&#8243; _builder_version=&#8221;4.27.3&#8243; _module_preset=&#8221;default&#8221; global_colors_info=&#8221;{}&#8221;][et_pb_column type=&#8221;1_3&#8243; _builder_version=&#8221;4.27.3&#8243; _module_preset=&#8221;default&#8221; global_colors_info=&#8221;{}&#8221;][et_pb_text _builder_version=&#8221;4.27.3&#8243; _module_preset=&#8221;default&#8221; text_font=&#8221;Space Grotesk||||||||&#8221; text_text_color=&#8221;#D6D6D6&#8243; text_font_size=&#8221;16px&#8221; header_font=&#8221;Space Grotesk||||||||&#8221; header_text_color=&#8221;#FFFFFF&#8221; header_font_size=&#8221;36px&#8221; header_2_font=&#8221;Space Grotesk||||||||&#8221; header_2_text_color=&#8221;#FFFFFF&#8221; header_2_font_size=&#8221;29px&#8221; custom_padding=&#8221;3%|3%|3%|3%|false|false&#8221; border_radii=&#8221;on|15px|15px|15px|15px&#8221; border_width_all=&#8221;2px&#8221; border_color_all=&#8221;#1fe0ba&#8221; global_colors_info=&#8221;{}&#8221;]<\/p>\n<h1>AI STARTER<\/h1>\n<p>&nbsp;<\/p>\n<h2>od <span style=\"color: #1fe0ba\">1999z\u0142<\/span><\/h2>\n<p>&nbsp;<\/p>\n<p style=\"text-align: left;\">warsztat + 2 automatyzacje + mapa wdro\u017ce\u0144<\/p>\n<p>[\/et_pb_text][\/et_pb_column][et_pb_column type=&#8221;1_3&#8243; _builder_version=&#8221;4.27.3&#8243; _module_preset=&#8221;default&#8221; global_colors_info=&#8221;{}&#8221;][et_pb_text _builder_version=&#8221;4.27.3&#8243; _module_preset=&#8221;default&#8221; text_font=&#8221;Space Grotesk||||||||&#8221; text_text_color=&#8221;#D6D6D6&#8243; text_font_size=&#8221;16px&#8221; header_font=&#8221;Space Grotesk||||||||&#8221; header_text_color=&#8221;#FFFFFF&#8221; header_font_size=&#8221;36px&#8221; header_2_font=&#8221;Space Grotesk||||||||&#8221; header_2_text_color=&#8221;#FFFFFF&#8221; header_2_font_size=&#8221;29px&#8221; custom_padding=&#8221;3%|3%|3%|3%|false|false&#8221; border_radii=&#8221;on|15px|15px|15px|15px&#8221; border_width_all=&#8221;2px&#8221; border_color_all=&#8221;#1fe0ba&#8221; global_colors_info=&#8221;{}&#8221;]<\/p>\n<h1>AI GROWTH<\/h1>\n<p>&nbsp;<\/p>\n<h2>od <span style=\"color: #1fe0ba;\">599z\u0142<\/span><\/h2>\n<p>&nbsp;<\/p>\n<p style=\"text-align: left;\">Sta\u0142a opieka nad AI, rozw\u00f3j, optymalizacja, wsparcie.<\/p>\n<p>[\/et_pb_text][\/et_pb_column][et_pb_column type=&#8221;1_3&#8243; _builder_version=&#8221;4.27.3&#8243; _module_preset=&#8221;default&#8221; global_colors_info=&#8221;{}&#8221;][et_pb_text _builder_version=&#8221;4.27.3&#8243; _module_preset=&#8221;default&#8221; text_font=&#8221;Space Grotesk||||||||&#8221; text_text_color=&#8221;#D6D6D6&#8243; text_font_size=&#8221;16px&#8221; header_font=&#8221;Space Grotesk||||||||&#8221; header_text_color=&#8221;#FFFFFF&#8221; header_font_size=&#8221;36px&#8221; header_2_font=&#8221;Space Grotesk||||||||&#8221; header_2_text_color=&#8221;#FFFFFF&#8221; header_2_font_size=&#8221;29px&#8221; custom_padding=&#8221;3%|3%|3%|3%|false|false&#8221; border_radii=&#8221;on|15px|15px|15px|15px&#8221; border_width_all=&#8221;2px&#8221; border_color_all=&#8221;#1fe0ba&#8221; global_colors_info=&#8221;{}&#8221;]<\/p>\n<h1>AI BOOSTER<\/h1>\n<p>&nbsp;<\/p>\n<h2>od <span style=\"color: #1fe0ba;\">2999z\u0142<\/span><\/h2>\n<p>&nbsp;<\/p>\n<p style=\"text-align: left;\">Wdro\u017cenie do 4 automatyzacji biznesowych<\/p>\n<p>[\/et_pb_text][\/et_pb_column][\/et_pb_row][\/et_pb_section]<\/p>\n","protected":false},"excerpt":{"rendered":"<p>Automatyzacja, AI i integracje dla firmTwoja firma pracuje lepiej, szybciej, m\u0105drzej.NetFlux to agencja AI i automatyzacji. \u00a0Pomagamy firmom wdra\u017ca\u0107 narz\u0119dzia AI, usprawniaj\u0105c procesy i oszcz\u0119dzaj\u0105c czas.Co robimy?\u00a0Warsztaty, automatyzacje, wykorzystanie ChatGPT i Copilot. Integracje AI z codziennymi zadaniami.\u0141\u0105czymy Twoje systemy tak aby same potrafi\u0142y robi\u0107 r\u00f3\u017cne rzeczy.Konsolidacja danych, raporty, analizy. Pomagamy ogarnia\u0107 chaos w danych.Pakiety us\u0142ugAI [&hellip;]<\/p>\n","protected":false},"author":1,"featured_media":0,"parent":0,"menu_order":0,"comment_status":"closed","ping_status":"closed","template":"","meta":{"_et_pb_use_builder":"on","_et_pb_old_content":"","_et_gb_content_width":"","footnotes":""},"class_list":["post-14","page","type-page","status-publish","hentry"],"_links":{"self":[{"href":"https:\/\/netflux.pl\/index.php\/wp-json\/wp\/v2\/pages\/14","targetHints":{"allow":["GET"]}}],"collection":[{"href":"https:\/\/netflux.pl\/index.php\/wp-json\/wp\/v2\/pages"}],"about":[{"href":"https:\/\/netflux.pl\/index.php\/wp-json\/wp\/v2\/types\/page"}],"author":[{"embeddable":true,"href":"https:\/\/netflux.pl\/index.php\/wp-json\/wp\/v2\/users\/1"}],"replies":[{"embeddable":true,"href":"https:\/\/netflux.pl\/index.php\/wp-json\/wp\/v2\/comments?post=14"}],"version-history":[{"count":8,"href":"https:\/\/netflux.pl\/index.php\/wp-json\/wp\/v2\/pages\/14\/revisions"}],"predecessor-version":[{"id":34,"href":"https:\/\/netflux.pl\/index.php\/wp-json\/wp\/v2\/pages\/14\/revisions\/34"}],"wp:attachment":[{"href":"https:\/\/netflux.pl\/index.php\/wp-json\/wp\/v2\/media?parent=14"}],"curies":[{"name":"wp","href":"https:\/\/api.w.org\/{rel}","templated":true}]}}